{"id":108,"date":"2023-02-06T16:20:52","date_gmt":"2023-02-06T16:20:52","guid":{"rendered":"https:\/\/hakanozkulfitoterapi.com\/?page_id=108"},"modified":"2023-02-26T17:07:46","modified_gmt":"2023-02-26T17:07:46","slug":"mesajiniz-alindi","status":"publish","type":"page","link":"https:\/\/hakanozkulfitoterapi.com\/tr\/mesajiniz-alindi\/","title":{"rendered":"Mesaj\u0131n\u0131z al\u0131nd\u0131"},"content":{"rendered":"<div class=\"vc_row wpb_row vc_row-fluid row_default\"  ><div class=\"container\"><div class=\"row vc_row\"><div class=\"wpb_column vc_column_container vc_col-sm-12\" ><div class=\"vc_column-inner\"><div class=\"wpb_wrapper\">\n        <div id=\"textblock_69d7adc1722fa\" class=\"li-textblock\" >\n        <h3><strong>Mesaj\u0131n\u0131z\u0131 ald\u0131k. En k\u0131sa zamanda sizinle ileti\u015fime ge\u00e7ece\u011fiz.<\/strong><\/h3>\n    <\/div>\n\n\n     \n\t<div class=\"wpb_raw_code wpb_content_element wpb_raw_html\" >\n\t\t<div class=\"wpb_wrapper\">\n\t\t\t<!-- Event snippet for Website traffic conversion page -->\n<script>\n  gtag('event', 'conversion', {'send_to': 'AW-11087653029\/XDKGCJCX-YoYEKXRgKcp'});\n<\/script>\n\n\t\t<\/div>\n\t<\/div>\n<\/div><\/div><\/div><\/div><\/div><\/div>","protected":false},"excerpt":{"rendered":"Mesaj\u0131n\u0131z\u0131 ald\u0131k. En k\u0131sa zamanda sizinle ileti\u015fime ge\u00e7ece\u011fiz.","protected":false},"author":1,"featured_media":0,"parent":0,"menu_order":0,"comment_status":"closed","ping_status":"closed","template":"","meta":{"footnotes":""},"class_list":["post-108","page","type-page","status-publish","hentry"],"yoast_head":"<!-- This site is optimized with the Yoast SEO plugin v27.3 - https:\/\/yoast.com\/product\/yoast-seo-wordpress\/ -->\n<title>Mesaj\u0131n\u0131z al\u0131nd\u0131 - Dr. Hakan \u00d6zkul Randevu \u0130leti\u015fim<\/title>\n<meta name=\"robots\" content=\"index, follow, max-snippet:-1, max-image-preview:large, max-video-preview:-1\" \/>\n<link rel=\"canonical\" href=\"https:\/\/hakanozkulfitoterapi.com\/tr\/mesajiniz-alindi\/\" \/>\n<meta property=\"og:locale\" content=\"tr_TR\" \/>\n<meta property=\"og:type\" content=\"article\" \/>\n<meta property=\"og:title\" content=\"Mesaj\u0131n\u0131z al\u0131nd\u0131 - Dr. Hakan \u00d6zkul Randevu \u0130leti\u015fim\" \/>\n<meta property=\"og:url\" content=\"https:\/\/hakanozkulfitoterapi.com\/tr\/mesajiniz-alindi\/\" \/>\n<meta property=\"og:site_name\" content=\"Dr. Hakan \u00d6zkul Randevu \u0130leti\u015fim\" \/>\n<meta property=\"article:modified_time\" content=\"2023-02-26T17:07:46+00:00\" \/>\n<meta property=\"og:image\" content=\"https:\/\/hakanozkulfitoterapi.com\/wp-content\/uploads\/2023\/02\/drhakanozkul.jpg\" \/>\n\t<meta property=\"og:image:width\" content=\"630\" \/>\n\t<meta property=\"og:image:height\" content=\"728\" \/>\n\t<meta property=\"og:image:type\" content=\"image\/jpeg\" \/>\n<meta name=\"twitter:card\" content=\"summary_large_image\" \/>\n<script type=\"application\/ld+json\" class=\"yoast-schema-graph\">{\"@context\":\"https:\\\/\\\/schema.org\",\"@graph\":[{\"@type\":\"WebPage\",\"@id\":\"https:\\\/\\\/hakanozkulfitoterapi.com\\\/mesajiniz-alindi\\\/\",\"url\":\"https:\\\/\\\/hakanozkulfitoterapi.com\\\/mesajiniz-alindi\\\/\",\"name\":\"Mesaj\u0131n\u0131z al\u0131nd\u0131 - Dr. Hakan \u00d6zkul Randevu \u0130leti\u015fim\",\"isPartOf\":{\"@id\":\"https:\\\/\\\/hakanozkulfitoterapi.com\\\/#website\"},\"datePublished\":\"2023-02-06T16:20:52+00:00\",\"dateModified\":\"2023-02-26T17:07:46+00:00\",\"breadcrumb\":{\"@id\":\"https:\\\/\\\/hakanozkulfitoterapi.com\\\/mesajiniz-alindi\\\/#breadcrumb\"},\"inLanguage\":\"tr\",\"potentialAction\":[{\"@type\":\"ReadAction\",\"target\":[\"https:\\\/\\\/hakanozkulfitoterapi.com\\\/mesajiniz-alindi\\\/\"]}]},{\"@type\":\"BreadcrumbList\",\"@id\":\"https:\\\/\\\/hakanozkulfitoterapi.com\\\/mesajiniz-alindi\\\/#breadcrumb\",\"itemListElement\":[{\"@type\":\"ListItem\",\"position\":1,\"name\":\"Home\",\"item\":\"https:\\\/\\\/hakanozkulfitoterapi.com\\\/\"},{\"@type\":\"ListItem\",\"position\":2,\"name\":\"Mesaj\u0131n\u0131z al\u0131nd\u0131\"}]},{\"@type\":\"WebSite\",\"@id\":\"https:\\\/\\\/hakanozkulfitoterapi.com\\\/#website\",\"url\":\"https:\\\/\\\/hakanozkulfitoterapi.com\\\/\",\"name\":\"Dr. Hakan \u00d6zkul Randevu \u0130leti\u015fim\",\"description\":\"Tedavi edilemeyecek hastal\u0131k yoktur\",\"potentialAction\":[{\"@type\":\"SearchAction\",\"target\":{\"@type\":\"EntryPoint\",\"urlTemplate\":\"https:\\\/\\\/hakanozkulfitoterapi.com\\\/?s={search_term_string}\"},\"query-input\":{\"@type\":\"PropertyValueSpecification\",\"valueRequired\":true,\"valueName\":\"search_term_string\"}}],\"inLanguage\":\"tr\"}]}<\/script>\n<!-- \/ Yoast SEO plugin. -->","yoast_head_json":{"title":"Mesaj\u0131n\u0131z al\u0131nd\u0131 - Dr. Hakan \u00d6zkul Randevu \u0130leti\u015fim","robots":{"index":"index","follow":"follow","max-snippet":"max-snippet:-1","max-image-preview":"max-image-preview:large","max-video-preview":"max-video-preview:-1"},"canonical":"https:\/\/hakanozkulfitoterapi.com\/tr\/mesajiniz-alindi\/","og_locale":"tr_TR","og_type":"article","og_title":"Mesaj\u0131n\u0131z al\u0131nd\u0131 - Dr. Hakan \u00d6zkul Randevu \u0130leti\u015fim","og_url":"https:\/\/hakanozkulfitoterapi.com\/tr\/mesajiniz-alindi\/","og_site_name":"Dr. Hakan \u00d6zkul Randevu \u0130leti\u015fim","article_modified_time":"2023-02-26T17:07:46+00:00","og_image":[{"width":630,"height":728,"url":"https:\/\/hakanozkulfitoterapi.com\/wp-content\/uploads\/2023\/02\/drhakanozkul.jpg","type":"image\/jpeg"}],"twitter_card":"summary_large_image","schema":{"@context":"https:\/\/schema.org","@graph":[{"@type":"WebPage","@id":"https:\/\/hakanozkulfitoterapi.com\/mesajiniz-alindi\/","url":"https:\/\/hakanozkulfitoterapi.com\/mesajiniz-alindi\/","name":"Mesaj\u0131n\u0131z al\u0131nd\u0131 - Dr. Hakan \u00d6zkul Randevu \u0130leti\u015fim","isPartOf":{"@id":"https:\/\/hakanozkulfitoterapi.com\/#website"},"datePublished":"2023-02-06T16:20:52+00:00","dateModified":"2023-02-26T17:07:46+00:00","breadcrumb":{"@id":"https:\/\/hakanozkulfitoterapi.com\/mesajiniz-alindi\/#breadcrumb"},"inLanguage":"tr","potentialAction":[{"@type":"ReadAction","target":["https:\/\/hakanozkulfitoterapi.com\/mesajiniz-alindi\/"]}]},{"@type":"BreadcrumbList","@id":"https:\/\/hakanozkulfitoterapi.com\/mesajiniz-alindi\/#breadcrumb","itemListElement":[{"@type":"ListItem","position":1,"name":"Home","item":"https:\/\/hakanozkulfitoterapi.com\/"},{"@type":"ListItem","position":2,"name":"Mesaj\u0131n\u0131z al\u0131nd\u0131"}]},{"@type":"WebSite","@id":"https:\/\/hakanozkulfitoterapi.com\/#website","url":"https:\/\/hakanozkulfitoterapi.com\/","name":"Dr. Hakan \u00d6zkul Randevu \u0130leti\u015fim","description":"Tedavi edilemeyecek hastal\u0131k yoktur","potentialAction":[{"@type":"SearchAction","target":{"@type":"EntryPoint","urlTemplate":"https:\/\/hakanozkulfitoterapi.com\/?s={search_term_string}"},"query-input":{"@type":"PropertyValueSpecification","valueRequired":true,"valueName":"search_term_string"}}],"inLanguage":"tr"}]}},"_links":{"self":[{"href":"https:\/\/hakanozkulfitoterapi.com\/tr\/wp-json\/wp\/v2\/pages\/108","targetHints":{"allow":["GET"]}}],"collection":[{"href":"https:\/\/hakanozkulfitoterapi.com\/tr\/wp-json\/wp\/v2\/pages"}],"about":[{"href":"https:\/\/hakanozkulfitoterapi.com\/tr\/wp-json\/wp\/v2\/types\/page"}],"author":[{"embeddable":true,"href":"https:\/\/hakanozkulfitoterapi.com\/tr\/wp-json\/wp\/v2\/users\/1"}],"replies":[{"embeddable":true,"href":"https:\/\/hakanozkulfitoterapi.com\/tr\/wp-json\/wp\/v2\/comments?post=108"}],"version-history":[{"count":0,"href":"https:\/\/hakanozkulfitoterapi.com\/tr\/wp-json\/wp\/v2\/pages\/108\/revisions"}],"wp:attachment":[{"href":"https:\/\/hakanozkulfitoterapi.com\/tr\/wp-json\/wp\/v2\/media?parent=108"}],"curies":[{"name":"wp","href":"https:\/\/api.w.org\/{rel}","templated":true}]}}